{"id":965,"date":"2022-01-31T14:14:46","date_gmt":"2022-01-31T13:14:46","guid":{"rendered":"http:\/\/expertslocatorihres.com\/index.php\/datenschutzerklaerung\/"},"modified":"2023-09-11T07:45:16","modified_gmt":"2023-09-11T05:45:16","slug":"datenschutzerklaerung","status":"publish","type":"page","link":"https:\/\/expertslocatorihres.com\/index.php\/datenschutzerklaerung\/?lang=de","title":{"rendered":"Datenschutzerkl\u00e4rung"},"content":{"rendered":"<h3><strong>Datenschutzerkl\u00e4rung<\/strong><\/h3>\n<p>Danke dass Sie unsere Website besuchen. Der Datenschutz unserer Kunden und Nutzer nimmt bei Pierre Fabre einen sehr hohen Stellenwert ein.<\/p>\n<p>Diese Datenschutzerkl\u00e4rung erkl\u00e4rt welche Informationen gesammelt werden, wenn Sie unsere Website besuchen bzw. nutzen und wie diese Informationen verarbeitet werden.<\/p>\n<p><strong>Wer sind wir?<\/strong><\/p>\n<p>Betreiber dieser Website (nachfolgend die \u201eWebsite\u201c) und Verantwortlicher f\u00fcr die Verarbeitung Ihrer personenbezogenen Daten, die wir w\u00e4hrend Ihres Besuches unserer Website f\u00fcr die im Folgenden beschriebenen Zwecke erheben, ist Pierre Fabre M\u00e9dicament (nachfolgend \u201ePierre Fabre\u201c oder \u201eWir\u201c oder \u201eUns\u201c oder \u201eUnser\/Unsere\u201c genannt)<\/p>\n<p>Wir bitten Sie, diese Datenschutzerkl\u00e4rung sorgf\u00e4ltig durchzulesen und sich \u00fcber die Bedingungen der Verarbeitung Ihrer personenbezogenen Daten zu informieren, die wir w\u00e4hrend Ihres Besuches auf unserer Website erfassen. Wir machen Sie darauf aufmerksam, dass Pierre Fabre sich das Recht vorbeh\u00e4lt, diese Datenschutzbestimmungen jederzeit zu \u00e4ndern. Das Datum der aktuellen Version unserer Datenschutzbestimmungen entnehmen Sie bitte dieser Seite. Wir empfehlen Ihnen deshalb, die Datenschutzhinweise unserer Website regelm\u00e4\u00dfig aufzurufen.<\/p>\n<p><strong>UMFANG DER DATENVERARBEITUNG<\/strong><\/p>\n<p>Je nach den von unserer Website angebotenen und von Ihnen genutzten Diensten, Ihren Entscheidungen und der Konfiguration Ihres Endger\u00e4ts (insbesondere in Bezug auf Cookies und andere Tracker) werden einige Sie betreffenden pers\u00f6nlichen Daten (Ihre &#8220;pers\u00f6nlichen Daten&#8221;) von Pierre Fabre erfasst und verarbeitet. Wenn Sie unsere Website besuchen, verarbeitet unser Server automatisch bestimmte browser- oder ger\u00e4tegenerierte Informationen, einschlie\u00dflich, aber nicht beschr\u00e4nkt auf: Ihre Dom\u00e4ne; IP-Adresse; Datum, Uhrzeit und Dauer Ihres Besuchs; Browsertyp; Betriebssystem; und Seitenbesuche.<\/p>\n<p><strong>Zweck der Verarbeitung Ihrer personenbezogenen Daten<\/strong><\/p>\n<p>Im Folgenden finden Sie einen \u00dcberblick \u00fcber die Zwecke, f\u00fcr die wir Ihre pers\u00f6nlichen Daten verwenden, und dar\u00fcber, warum wir sie verarbeiten m\u00fcssen.<\/p>\n<p>&nbsp;<\/p>\n<table>\n<tbody>\n<tr>\n<td width=\"302\">Zweck der Datenverarbeitung<\/td>\n<td width=\"302\">Grundlage der Verarbeitung personenbezogener Daten<\/td>\n<\/tr>\n<tr>\n<td width=\"302\">Beantwortung Ihrer Fragen per Email, Kontaktformular und Ihr Chatkontakt<\/p>\n<p>&nbsp;<\/td>\n<td width=\"302\">Unser berechtigtes Interesse<\/td>\n<\/tr>\n<tr>\n<td width=\"302\">Statistikerhebung<\/td>\n<td width=\"302\">Ihre ausdr\u00fcckliche Zustimmung<\/td>\n<\/tr>\n<\/tbody>\n<\/table>\n<p><strong>\u00a0<\/strong><\/p>\n<p><strong>Weitergabe und \u00dcbertragung pers\u00f6nlicher Daten<\/strong><\/p>\n<p>Wir sind Teil des weltweit operierenden Pierre Fabre-Konzerns. Von Zeit zu Zeit werden wir m\u00f6glicherweise Ihre personenbezogenen Daten innerhalb des Pierre Fabre-Konzerns zu den vorgenannten Zwecken offenlegen.<\/p>\n<p>Dar\u00fcber hinaus k\u00f6nnen wir auch Drittanbieter engagieren, uns (entsprechend unseren Instruktionen) bei der Bereitstellung von Informationen, Produkten oder Services zu unterst\u00fctzen, oder diese mit der Leitung oder dem Management unserer Aktivit\u00e4ten oder mit der Verwaltung oder Optimierung unserer Website beauftragen. In diesem Falle m\u00fcssen diese Drittanbieter m\u00f6glicherweise auf Ihre personenbezogenen Daten zugreifen.<\/p>\n<p>Sie haben das Recht, Einzelheiten \u00fcber den \u00dcbertragungsmechanismus zu erfahren, unter dem Ihre pers\u00f6nlichen Daten au\u00dferhalb des EWR \u00fcbertragen werden, indem Sie sich an dpo@pierre-fabre.com wenden.<\/p>\n<p>Wir k\u00f6nnen Ihre pers\u00f6nlichen Daten im Zusammenhang mit einem potenziellen oder tats\u00e4chlichen Verkauf unseres Unternehmens oder eines unserer Verm\u00f6genswerte oder eines verbundenen Unternehmens an Dritte weitergeben, wobei die von uns gespeicherten pers\u00f6nlichen Daten unserer Nutzer zu den \u00fcbertragenen Verm\u00f6genswerten geh\u00f6ren k\u00f6nnen.<\/p>\n<p>Wir werden auch auf Informationsanfragen reagieren, wenn dies gesetzlich vorgeschrieben ist oder wenn eine solche Offenlegung erforderlich ist, um unsere Rechte zu sch\u00fctzen und\/oder einem Gerichtsverfahren, einer gerichtlichen Anordnung, einer Anfrage einer Aufsichtsbeh\u00f6rde oder einem anderen uns zugestellten rechtlichen Verfahren nachzukommen.<\/p>\n<p><strong>Speicherung Ihrer pers\u00f6nlichen Daten<\/strong><\/p>\n<p>Die von uns aus Sicherheitsgr\u00fcnden erfassten IP-Adressen werden f\u00fcr h\u00f6chstens 10 Tage gespeichert.<\/p>\n<p>Zuletzt werden gem\u00e4\u00df den geltenden Gesetzen und Vorschriften die erfassten Verbindungsprotokolle, die auf unserer Website genutzten Cookies sowie weitere Tracker f\u00fcr maximal dreizehn (13) Monate gespeichert. Weitere Einzelheiten hierzu entnehmen Sie dem folgenden Abschnitt mit der \u00dcberschrift \u201eCookies\u201c.<\/p>\n<p><strong>Ihre Rechte<\/strong><\/p>\n<p>Vorbehaltlich des geltenden Rechts haben Sie m\u00f6glicherweise einige oder alle der folgenden Rechte in Bezug auf Ihre pers\u00f6nlichen Daten:<\/p>\n<p>Recht auf Auskunft: Sie k\u00f6nnen von uns jederzeit Auskunft \u00fcber Ihre von uns verarbeiteten personenbezogenen Daten verlangen. Sie haben das Recht, eine Kopie der Daten zu erhalten,<\/p>\n<p>Recht auf Berichtigung, Recht auf L\u00f6schung: Sie haben das Recht, die Berichtigung Sie betreffender unrichtiger oder die Vervollst\u00e4ndigung unvollst\u00e4ndiger personenbezogener Daten zu verlangen. Sie haben zudem das Recht, die L\u00f6schung Sie betreffender personenbezogener Daten von uns zu verlangen. Dies gilt, sofern und soweit diese f\u00fcr den Verarbeitungszweck nicht mehr erforderlich sind, wenn Sie Ihre Einwilligung, aufgrund derer die Verarbeitung erfolgte, widerrufen oder einer Verarbeitung widersprochen haben und wenn es an einer anderen Rechtsgrundlage f\u00fcr die Verarbeitung fehlt oder wenn die Verarbeitung unrechtm\u00e4\u00dfig erfolgt ist. Wir werden Ihre personenbezogenen Daten auf Ihren Wunsch hin l\u00f6schen, wenn wir diese Daten nicht zwingend zur Vertragserf\u00fcllung ben\u00f6tigen oder zu deren Aufbewahrung gesetzlich verpflichtet sind.<\/p>\n<p>Recht auf Einschr\u00e4nkung der Verarbeitung: Sie haben das Recht, von uns die Einschr\u00e4nkung der Verarbeitung Ihrer personenbezogenen Daten zu verlangen, wenn<\/p>\n<ul>\n<li>Sie die Richtigkeit der personenbezogenen Daten bestreiten und zwar f\u00fcr eine Dauer, die es uns erm\u00f6glicht, die Richtigkeit der personenbezogenen Daten zu \u00fcberpr\u00fcfen.<\/li>\n<li>die Verarbeitung unrechtm\u00e4\u00dfig ist und Sie die L\u00f6schung der personenbezogenen Daten ablehnen und stattdessen die Einschr\u00e4nkung der Nutzung der personenbezogenen Daten verlangen.<\/li>\n<li>wir die personenbezogenen Daten f\u00fcr die Zwecke der Verarbeitung nicht l\u00e4nger ben\u00f6tigen, Sie sie jedoch zur Geltendmachung, Aus\u00fcbung oder Verteidigung von Rechtsanspr\u00fcchen. ben\u00f6tigen, oder<\/li>\n<li>Sie Widerspruch gegen die Verarbeitung gem\u00e4\u00df Art. 21 Abs. 1 DSGVO eingelegt haben, solange noch nicht feststeht, ob die berechtigten Gr\u00fcnde auf Seiten von Pierre Fabre gegen\u00fcber denen auf Ihrer Seite \u00fcberwiegen.<\/li>\n<\/ul>\n<p>&nbsp;<\/p>\n<p>Recht auf Daten\u00fcbertragbarkeit: Sie haben das Recht, die Sie betreffenden personenbezogenen Daten, die Sie uns bereitgestellt haben, in einem strukturierten, g\u00e4ngigen und maschinenlesbaren Format zu erhalten und diese Daten einem anderen Verantwortlichen ohne Behinderung zu \u00fcbermitteln, sofern<\/p>\n<p>o\u00a0\u00a0\u00a0\u00a0\u00a0\u00a0\u00a0\u00a0\u00a0\u00a0\u00a0\u00a0 die Verarbeitung auf einer Einwilligung gem\u00e4\u00df Art. 6 Abs. 1 S. 1 Buchst. a) DSGVO oder Art. 9 Abs. 2 Buchst. a) DSGVO oder auf einem Vertrag gem\u00e4\u00df Art. 6 Abs. 1 S. 1 Buchst. b) DSGVO beruht, und<\/p>\n<p>o\u00a0\u00a0\u00a0\u00a0\u00a0\u00a0\u00a0\u00a0\u00a0\u00a0\u00a0\u00a0 die Verarbeitung mithilfe automatisierter Verfahren erfolgt.<\/p>\n<p>&nbsp;<\/p>\n<ul>\n<li>allgemeine oder spezifische Anweisungen dar\u00fcber zu erteilen, wie Ihre personenbezogenen Daten nach Ihrem Tod verarbeitet werden sollen und verwendet werden d\u00fcrfen.<\/li>\n<li>Sie k\u00f6nnen jederzeit wiedersprechen, zu Direktmarketingzwecken telefonisch kontaktiert zu werden, indem Sie sich kostenlos auf der Website www.bloctel.gouv.fr registrieren lassen;<\/li>\n<li>Ihre Zustimmung zur Verarbeitung Ihrer personenbezogenen Daten zu widerrufen (wenn diese Verarbeitung auf Ihrer Zustimmung beruht);<\/li>\n<li>einer Verarbeitung zu Marketingzwecken zu widersprechen; und<\/li>\n<li>eine Kopie der angemessenen Sicherheitsvorkehrungen zu erhalten oder einzusehen, unter denen Ihre personenbezogenen Daten an ein Drittland oder eine internationale Organisation \u00fcbermittelt werden.<\/li>\n<\/ul>\n<p>Zus\u00e4tzlich zu den oben genannten Rechten haben Sie das Recht, jeder Verarbeitung Ihrer personenbezogenen Daten zu widersprechen, die durch ein berechtigtes Interesse von Pierre Fabre gerechtfertigt ist, einschlie\u00dflich Profiling (im Gegensatz zu Ihrer Einwilligung oder zur Erf\u00fcllung eines Vertrags mit Ihnen). Sie haben auch das Recht, der Verarbeitung Ihrer personenbezogenen Daten zu Zwecken der Direktwerbung zu widersprechen, einschlie\u00dflich des Profilings.<\/p>\n<p>Um diese Rechte auszu\u00fcben, kontaktieren Sie uns bitte \u00fcber die lokale E-Mail-Adresse, die auf unserer Website angegeben ist (siehe unten). Bitte beachten Sie, dass wir einen Identit\u00e4tsnachweis verlangen k\u00f6nnen, und wir behalten uns das Recht vor, eine Geb\u00fchr zu erheben, sofern dies gesetzlich zul\u00e4ssig ist, z. B. wenn Ihre Anfrage offensichtlich unbegr\u00fcndet oder \u00fcberzogen ist. Wir werden uns bem\u00fchen, Ihre Anfrage innerhalb der geltenden Fristen zu beantworten.<\/p>\n<p>L\u00e4nder\u00a0\u00a0\u00a0\u00a0\u00a0\u00a0\u00a0\u00a0\u00a0\u00a0\u00a0\u00a0\u00a0\u00a0\u00a0\u00a0\u00a0\u00a0\u00a0\u00a0\u00a0\u00a0\u00a0\u00a0\u00a0\u00a0\u00a0\u00a0\u00a0\u00a0\u00a0\u00a0\u00a0\u00a0\u00a0\u00a0\u00a0\u00a0\u00a0\u00a0\u00a0\u00a0\u00a0\u00a0\u00a0\u00a0\u00a0\u00a0\u00a0\u00a0\u00a0\u00a0\u00a0\u00a0\u00a0\u00a0\u00a0\u00a0\u00a0\u00a0\u00a0\u00a0\u00a0\u00a0\u00a0\u00a0\u00a0\u00a0\u00a0\u00a0\u00a0\u00a0\u00a0\u00a0\u00a0\u00a0\u00a0\u00a0\u00a0\u00a0\u00a0\u00a0\u00a0\u00a0\u00a0\u00a0\u00a0\u00a0\u00a0\u00a0\u00a0\u00a0\u00a0\u00a0\u00a0\u00a0\u00a0\u00a0\u00a0\u00a0\u00a0\u00a0\u00a0\u00a0\u00a0\u00a0\u00a0\u00a0\u00a0\u00a0\u00a0 E-Mail Adresse<\/p>\n<p>Sie haben auch das Recht, eine Beschwerde bei Ihrer \u00f6rtlichen Aufsichtsbeh\u00f6rde f\u00fcr den Datenschutz einzureichen, zum Beispiel bei der ICO im Vereinigten K\u00f6nigreich, der CNIL in Frankreich oder dem Landesbeauftragten f\u00fcr Datenschutz und Informationsfreiheit Baden-W\u00fcrttemberg in Stuttgart.<\/p>\n<p><!-- OneTrust Cookies List start --><\/p>\n<div id=\"ot-sdk-cookie-policy\"><\/div>\n<p><!-- OneTrust Cookies List end --><\/p>\n<p><strong>L\u00d6SCHEN VON COOKIES<\/strong><\/p>\n<p>Um Ihnen die Kontrolle \u00fcber die Verwendung von Cookies auf unserer Website zu erm\u00f6glichen, haben wir ein Tool implementiert, das Ihnen beim Zugriff auf unsere Website zur Verf\u00fcgung steht und mit dem Sie die verschiedenen Cookies konfigurieren k\u00f6nnen, deren Installation Sie zustimmen.<\/p>\n<p>Wenn Sie Cookies ablehnen, werden wir \u2013 abgesehen von den im obigen Absatz erl\u00e4uterten \u201efunktionalen Cookies\u201c (einschlie\u00dflich jener Cookies, die die Tatsache speichern, dass eine Platzierung von Cookies w\u00e4hrend des Besuches unserer Website von Ihnen nicht erw\u00fcnscht ist) \u2013 keine weiteren Cookies auf Ihrem Ger\u00e4t speichern.<\/p>\n<p>Bitte beachten Sie, dass durch das L\u00f6schen oder Ablehnen von Cookies die Nutzung bestimmter Dienste auf unserer Website eingeschr\u00e4nkt wird oder Sie auf bestimmte Features nicht mehr zugreifen k\u00f6nnen<\/p>\n<p><strong>\u00c4NDERUNG DER DATENSCHUTZERKL\u00c4RUNG<\/strong><\/p>\n<p>Wir behalten uns das Recht vor, die Inhalte dieser Datenschutzerkl\u00e4rung von Zeit zu Zeit im Einklang mit den gesetzlichen Bestimmungen zu \u00e4ndern, um diese technischen und rechtlichen \u00c4nderungen anzupassen.<\/p>\n<p><strong>Kontakt<\/strong><\/p>\n<p>Wenn Sie Fragen bez\u00fcglich der Datenschutzerkl\u00e4rung haben oder Ihre Rechte wahrnehmen wollen, kontaktieren Sie bitte unseren Datenschutzbeauftragten: dpode@pierre-fabre.com<\/p>\n<p>Stand: 01.06.2021<\/p>\n","protected":false},"excerpt":{"rendered":"<p>Datenschutzerkl\u00e4rung Danke dass Sie unsere Website besuchen. Der Datenschutz unserer Kunden und Nutzer nimmt bei Pierre Fabre einen sehr hohen Stellenwert ein. Diese Datenschutzerkl\u00e4rung erkl\u00e4rt welche<span class=\"excerpt-hellip\"> [\u2026]<\/span><\/p>\n","protected":false},"author":1,"featured_media":0,"parent":0,"menu_order":0,"comment_status":"closed","ping_status":"closed","template":"","meta":[],"_links":{"self":[{"href":"https:\/\/expertslocatorihres.com\/index.php\/wp-json\/wp\/v2\/pages\/965"}],"collection":[{"href":"https:\/\/expertslocatorihres.com\/index.php\/wp-json\/wp\/v2\/pages"}],"about":[{"href":"https:\/\/expertslocatorihres.com\/index.php\/wp-json\/wp\/v2\/types\/page"}],"author":[{"embeddable":true,"href":"https:\/\/expertslocatorihres.com\/index.php\/wp-json\/wp\/v2\/users\/1"}],"replies":[{"embeddable":true,"href":"https:\/\/expertslocatorihres.com\/index.php\/wp-json\/wp\/v2\/comments?post=965"}],"version-history":[{"count":3,"href":"https:\/\/expertslocatorihres.com\/index.php\/wp-json\/wp\/v2\/pages\/965\/revisions"}],"predecessor-version":[{"id":2729,"href":"https:\/\/expertslocatorihres.com\/index.php\/wp-json\/wp\/v2\/pages\/965\/revisions\/2729"}],"wp:attachment":[{"href":"https:\/\/expertslocatorihres.com\/index.php\/wp-json\/wp\/v2\/media?parent=965"}],"curies":[{"name":"wp","href":"https:\/\/api.w.org\/{rel}","templated":true}]}}