{"id":3,"date":"2021-04-29T07:34:39","date_gmt":"2021-04-29T05:34:39","guid":{"rendered":"http:\/\/expertslocatorihres.com\/?page_id=3"},"modified":"2023-09-11T07:50:10","modified_gmt":"2023-09-11T05:50:10","slug":"legal-mention","status":"publish","type":"page","link":"https:\/\/expertslocatorihres.com\/index.php\/legal-mention\/?lang=de","title":{"rendered":"Mentions l\u00e9gales"},"content":{"rendered":"\r\n<h4>I \/ IMPRESSUM<\/h4>\r\n<h5><strong>HERAUSGEBER<\/strong><\/h5>\r\n<p>PIERRE FABRE MEDICAMENT, vereinfachte Aktiengesellschaft mit einem Kapital von 57.080.969 Euro und Sitz in Les Cauquillous 81500 Lavaur, Frankreich. Eingetragen im Handels- und Gesellschaftsregister von Castres unter der Nummer B 326 118\u00a0502 <br \/>(nachfolgend \u201ePFM\u201c).<\/p>\r\n<p>&nbsp;<\/p>\r\n<h5><strong>VERANTWORTLICH F\u00dcR DEN INHALT<\/strong><\/h5>\r\n<p><strong>PIERRE FABRE MEDICAMENT<\/strong><\/p>\r\n<p>Jean Jacques VOISARD, Direktor Franchise Pierre Fabre Medical Dermatology<\/p>\r\n<h5><strong>WEBMASTER<\/strong><\/h5>\r\n<p>Den Webmaster k\u00f6nnen Sie \u00fcber contact@terresdusud.fr kontaktieren.<\/p>\r\n<h5><strong>HOSTING<\/strong><\/h5>\r\n<p>CIS VALLEY, vereinfachte Aktiengesellschaft mit einem Kapital von 2.500.000\u00a0\u20ac. Eingetragen im Handels- und Gesellschaftsregister von Bordeaux unter der Nummer B\u00a0410\u00a0100\u00a0747. Sitz des Unternehmens: Chemin de l\u2019Hermite, BP\u00a070081, 33523, Bruges, Frankreich.<\/p>\r\n<p>E-Mail-Adresse:\u00a0<a href=\"mailto:communication@cis-valley.fr\">communication@cis-valley.fr<\/a><\/p>\r\n<h5><strong>CREDITS<\/strong><\/h5>\r\n<p>Design, Kreation: Terres du Sud \u2013 Fotos: \u00a9 ISTOCK \u2013 TERRES DU SUD, 69 AV Des Pyrenees, 31830, Plaisance-du-touch, Frankreich. Umsatzsteueridentifikationsnummer: FR 96 409 248 945. Eingetragen im Handels- und Gesellschaftsregister von Toulouse unter der Nummer 409 248 945. SIRET-Nummer: 409 248 945 00027. Inhaber: B\u00e9rang\u00e8re Parent. Tel.: +33 (0)5 62 13 56 30.<\/p>\r\n<p>Konzeption, redaktionelle Inhalte, Fotos\/Videos: Pierre Fabre M\u00e9dicament<\/p>\r\n<h4><u>II \u2013 Allgemeine Nutzungsbedingungen<\/u><\/h4>\r\n<p>Die vorliegenden Allgemeinen Nutzungsbedingungen legen die Bedingungen f\u00fcr die Nutzung der Website http:\/\/expertslocatorihres.com (nachfolgend die &#8220;<strong>Website<\/strong>&#8220;) fest, die Sie (nachfolgend der &#8220;<strong>Nutzer<\/strong>&#8220;) allein durch den Besuch der Website akzeptieren.<\/p>\r\n<p>Sollte der Nutzer die Bedingungen nicht akzeptieren, fordert PFM ihn zum Verlassen der Website auf.<\/p>\r\n<p>Wenn der Nutzer minderj\u00e4hrig ist, verpflichtet er sich, die Website nur in Anwesenheit seiner Eltern oder gesetzlichen Vertreter zu besuchen, die die vorliegenden Bedingungen zuvor akzeptiert haben.<\/p>\r\n<p>Diese Allgemeinen Bedingungen k\u00f6nnen jederzeit ohne vorherige Ank\u00fcndigung ge\u00e4ndert werden. Sie unterliegen franz\u00f6sischem Recht und werden nach diesem ausgelegt.<\/p>\r\n<p>Die Website, die \u00fcber\u00a0die Adresse <a href=\"http:\/\/expertslocatorihres.com\">http:\/\/expertslocatorihres.com<\/a>\u00a0aufrufbar ist, wird unter bestimmten Bedingungen zur Verf\u00fcgung gestellt, die der Nutzer zur Kenntnis nehmen und einhalten muss.<\/p>\r\n<p>Die Website darf ausschlie\u00dflich f\u00fcr professionelle und nicht-kommerzielle Zwecke verwendet und besucht werden. Dem Nutzer ist es grunds\u00e4tzlich untersagt, die Website oder einen Teil davon f\u00fcr rechtswidrige Zwecke (Urheberrecht) oder f\u00fcr Zwecke zu verwenden, die gegen diese Nutzungsbedingungen versto\u00dfen.<\/p>\r\n<p>Durch den Besuch der Website erkl\u00e4rt sich der Nutzer damit einverstanden, die Nutzungsbedingungen einzuhalten, wie sie zum Zeitpunkt des Besuchs angezeigt werden.<\/p>\r\n<h5><strong>ZWECK DER WEBSITE<\/strong><\/h5>\r\n<p>Die Website wurde erstellt, um ausschlie\u00dflich medizinischen Fachkr\u00e4ften Kontaktinformationen bereitzustellen.<\/p>\r\n<p>Die Website stellt kein vertragliches Angebot dar. Die Website stellt nicht-vertragliche Informationen zur Verf\u00fcgung, die eine Suche nach medizinischen Einrichtungen f\u00fcr die Behandlung infantiler H\u00e4mangiome erm\u00f6glichen.<\/p>\r\n<p>Da diese Website unter Ber\u00fccksichtigung aller Aktivit\u00e4ten aktualisiert wird, ist es m\u00f6glich, dass bestimmte neue Informationen oder Hinweise zum Zeitpunkt ihrer Ver\u00f6ffentlichung nicht mehr g\u00fcltig oder veraltet sind. PFM kann nicht gew\u00e4hrleisten, dass die Informationen und Neuigkeiten, die auf dieser Website ver\u00f6ffentlicht werden, aktuell sind, wenngleich entsprechende Anstrengungen unternommen werden.<\/p>\r\n<h5><strong>REGISTRIERUNG UND PERSONENBEZOGENE DATEN<\/strong><\/h5>\r\n<p>Die gesammelten personenbezogenen Daten werden von PFM und ihren angeschlossenen Unternehmen in ihrer Funktion als Datenverantwortlicher im Rahmen der Prozesse verwendet, an denen Sie und PFM beteiligt sind. Die Verarbeitung Ihrer personenbezogenen Daten ist f\u00fcr die Erf\u00fcllung gesetzlicher Anforderungen erforderlich, denen PFM unterliegt, und erfolgt zur Wahrung der berechtigten Interessen von PFM. Ihre Daten werden nicht l\u00e4nger aufbewahrt, als dies f\u00fcr die Zwecke, zu denen sie gesammelt und verarbeitet werden, erforderlich ist. Sie haben Recht auf Zugang zu Ihren personenbezogenen Daten, deren Berichtigung sowie auf Einschr\u00e4nkung ihrer Verarbeitung. Um Ihre Rechte auszu\u00fcben, wenden Sie sich bitte \u00fcber <a href=\"mailto:dpofr@pierre-fabre.com\">dpofr@pierre-fabre.com<\/a> an den Datenschutzbeauftragten.\u00a0Ihre Rechte auf Widerspruch, L\u00f6schung und \u00dcbertragbarkeit finden keine Anwendung.<\/p>\r\n<p>Sie haben zudem das Recht, bei der nationalen Datenschutzbeh\u00f6rde Frankreichs (CNIL) Beschwerde einzureichen. Weitere Informationen finden Sie in der globalen Datenschutzrichtlinie der PIERRE FABRE Gruppe unter folgender Adresse:\u00a0<a href=\"https:\/\/www.pierre-fabre.com\/sites\/pierre-fabre.com\/files\/2019-03\/pierre_fabre_group_global_privacy_policy_fr.pdf\">https:\/\/www.pierre-fabre.com\/sites\/pierre-fabre.com\/files\/2019-03\/pierre_fabre_group_global_privacy_policy_fr.pdf<\/a><\/p>\r\n<p>Der Herausgeber dieser Website kann aufgefordert werden, personenbezogene Daten offenzulegen, wenn dies zur Identifizierung, Festnahme oder Anklage einer Person erforderlich ist, die (beabsichtigt oder unbeabsichtigt) die Rechte oder das Eigentum dieser Website verletzt, andere Nutzer der Website oder andere Personen sch\u00e4digt, denen durch dieses Verhalten ein Nachteil entsteht.<\/p>\r\n<h5><strong>NUTZUNG DES BERATUNGSANGEBOTS DER WEBSITE<\/strong><\/h5>\r\n<p>PFM kann f\u00fcr direkte oder indirekte Folgen und\/oder f\u00fcr Sch\u00e4den aufgrund von M\u00e4ngeln oder Hacking der Website nicht haftbar gemacht werden.<\/p>\r\n<p>Dar\u00fcber hinaus geht PFM in Bezug auf die Ratschl\u00e4ge f\u00fcr die Nutzer der Website keine Ergebnisverpflichtung, sondern lediglich eine Mittelverpflichtung ein.<\/p>\r\n<p>Ferner erteilt PFM in Bezug auf die Nutzung der Ratschl\u00e4ge keine explizite oder implizite Gew\u00e4hrleistung und \u00fcbernimmt keine Haftung. Diese haben lediglich Informationscharakter, w\u00e4hrend ihre Beurteilung medizinischen Fachkr\u00e4ften und dem Nutzer der Website obliegt.<\/p>\r\n<p>Der Nutzer erkennt an und erkl\u00e4rt sich einverstanden, dass die Nutzung der Informationen unter seiner alleinigen und vollen Verantwortung, Kontrolle und Leitung erfolgt.<\/p>\r\n<p>F\u00fcr zus\u00e4tzliche Informationen und\/oder bei Unklarheiten kann der Nutzer PFM \u00fcber folgende Adresse kontaktieren:<\/p>\r\n<h5><strong>LINKS<\/strong><\/h5>\r\n<p>Die Erstellung von Hyperlinks zur Website bedarf der vorherigen schriftlichen Genehmigung durch PFM. Genehmigungsanfragen k\u00f6nnen an folgende E-Mail-Adresse geschickt werden: xxxxxxxx Jede nicht genehmigte Verwendung stellt eine strafbare Handlung dar.<\/p>\r\n<h5><strong>GARANTIE<\/strong><\/h5>\r\n<p>PFM verpflichtet sich sicherzustellen, dass der Inhalt der Website den geltenden franz\u00f6sischen Gesetzen entspricht.<\/p>\r\n<p>Insbesondere verpflichtet sich PFM, keine Daten, die die Rechte Dritter verletzen und gewaltt\u00e4tiger, pornographischer oder verleumderischer Natur sind, und keine illegalen Inhalte zu verbreiten, insbesondere solche rassistischer, fremdenfeindlicher oder p\u00e4dophiler Natur oder welche die Menschenw\u00fcrde auf andere Weise verletzen.<\/p>\r\n<p>PFM kann die Richtigkeit und Vollst\u00e4ndigkeit der auf dieser Website ver\u00f6ffentlichten Informationen nicht garantieren.<\/p>\r\n<p>Diese Website und die verf\u00fcgbaren Informationen stellen keine Auswahl von medizinischen Fachkr\u00e4ften durch PFM dar, sondern sind ein Hilfsmittel f\u00fcr die Suche nach medizinischen Einrichtungen \/ Fachkr\u00e4ften, die angeben, auf die Behandlung von H\u00e4mangiomen bei Kindern spezialisiert zu sein. Die Aufnahme in diese Liste erfolgt nach vorheriger Zustimmung der jeweiligen medizinischen Einrichtung \/ Fachkraft. PFM kann f\u00fcr die Unvollst\u00e4ndigkeit dieser Liste nicht haftbar gemacht werden.<\/p>\r\n<p>Die Dokumente, die PFM auf dieser Website in elektronischer Form zur Verf\u00fcgung stellt, wurden mehrfach \u00fcberpr\u00fcft, k\u00f6nnen jedoch dennoch Fehler enthalten. Falls ein Nutzer Fehler feststellt, kann sich dieser \u00fcber folgende Adresse an PFM wenden: PFM wird die entsprechenden \u00c4nderungen vornehmen, soweit diese begr\u00fcndet und berechtigt sind.<\/p>\r\n<p>Die ver\u00f6ffentlichten Texte k\u00f6nnen au\u00dferdem, w\u00e4hrend sie dem Nutzer angezeigt werden und dieser davon Kenntnis nimmt, aktualisiert werden. PFM gew\u00e4hrleistet auf keine Art und Weise, dass die Informationen zutreffend, vollst\u00e4ndig und aktuell sind.<\/p>\r\n<h5><strong>HAFTUNG<\/strong><\/h5>\r\n<p>Obwohl PFM die erforderlichen Ma\u00dfnahmen ergreift, um die Zuverl\u00e4ssigkeit der Informationen und Services auf der Website sicherzustellen, kann PFM f\u00fcr Fehler, Auslassungen, Viren oder Folgen nicht haftbar gemacht werden, die aus einer nicht sachgem\u00e4\u00dfen Nutzung derselben entstehen k\u00f6nnen.<\/p>\r\n<p>Ebenso kann PFM f\u00fcr direkte oder indirekte Folgen und\/oder Sch\u00e4den aufgrund von M\u00e4ngeln oder Hacking nicht haftbar gemacht werden.<\/p>\r\n<p>PFM unterliegt lediglich einer Mittelverpflichtung.<\/p>\r\n<p>PFM, ihre F\u00fchrungskr\u00e4fte und Mitarbeitenden haften nicht f\u00fcr:<\/p>\r\n<ul>\r\n<li>Sch\u00e4den infolge der Verbindung mit dieser Website, des Zugriffs darauf oder ihrer Nutzung;<\/li>\r\n<li>Sch\u00e4den als direkte oder indirekte Folge eines Besuchs dieser Website oder durch die Nutzung der darauf zur Verf\u00fcgung gestellten Informationen;<\/li>\r\n<li>direkte oder indirekte Sch\u00e4den infolge der Nutzung dieser Website, insbesondere betriebliche, finanzielle oder kommerzielle Verluste oder Verluste von Programmen oder Daten in irgendeinem Informationssystem, selbst wenn PFM \u00fcber das m\u00f6gliche Auftreten solcher Sch\u00e4den informiert wurde.<\/li>\r\n<\/ul>\r\n<p>Generell erteilt PFM f\u00fcr die gesamte Website oder Teile derselben keine ausdr\u00fcckliche oder stillschweigende Gew\u00e4hrleistung.<\/p>\r\n<p>Der Nutzer verpflichtet sich, weder vors\u00e4tzlich noch fahrl\u00e4ssig Viren oder Dateien jeglicher Art einzubringen, die die Funktionsf\u00e4higkeit der Website st\u00f6ren k\u00f6nnen; andernfalls wird dieser diesbez\u00fcglich uneingeschr\u00e4nkt haftbar gemacht.<\/p>\r\n<p>PFM kann rechtliche Schritte gegen Nutzer einleiten, die die genannten Bedingungen nicht einhalten.<\/p>\r\n<p>Der Nutzer erkl\u00e4rt und sichert zu, dass er die Eigenschaften und Grenzen des Internets kennt, insbesondere hinsichtlich dessen, dass Daten- und Informations\u00fcbertragungen \u00fcber das Internet nur eine relative technische Zuverl\u00e4ssigkeit aufweisen, da besagte Informationen heterogene Netzwerke mit unterschiedlichen Eigenschaften und technischen Kapazit\u00e4ten durchlaufen, die den Zugriff zeitweise st\u00f6ren oder verhindern k\u00f6nnen.<\/p>\r\n<p>PFM ist bem\u00fcht, den Zugriff auf die Seiten rund um die Uhr aufrechtzuerhalten. PFM ist jedoch nicht verpflichtet, diesen Zugriff zu gew\u00e4hrleisten, und kann ihn jederzeit unterbrechen, insbesondere zum Zwecke der Wartung und Aktualisierung. Zudem beh\u00e4lt sich PFM das Recht vor, jederzeit und ohne vorherige Ank\u00fcndigung die Bereitstellung der Website vollumf\u00e4nglich oder in Teilen zu \u00e4ndern, auszusetzen oder einzustellen. Dies gilt insbesondere f\u00fcr Verlinkungen zu anderen Websites. PFM kann in keiner Weise haftbar gemacht werden f\u00fcr Unterbrechungen und m\u00f6gliche Folgen f\u00fcr Nutzer oder Dritte.<\/p>\r\n<p>Die Website kann keinesfalls f\u00fcr einen Verlust von Daten oder eine Zerst\u00f6rung derselben haftbar gemacht werden. Keine auf der Website zur Verf\u00fcgung gestellten Informationen oder Ratschl\u00e4ge k\u00f6nnen als Gew\u00e4hrleistung jeglicher Art interpretiert werden.<\/p>\r\n<h5><strong>SICHERHEIT<\/strong><\/h5>\r\n<p>Da das Internet ein offenes Netzwerk ist, kann PFM nicht garantieren, dass die Daten nicht von Dritten umgeleitet werden. PFM beherrscht nicht die mit dem Internet verbundenen Risiken und weist den Nutzer auf das Vorhandensein eventueller Risiken im Hinblick auf punktuelle Datenverluste oder Verletzungen der Vertraulichkeit von \u00fcber das Netz \u00fcbermittelten Daten hin.<\/p>\r\n<h5><strong>RECHTE AN GEISTIGEM EIGENTUM<\/strong><\/h5>\r\n<p>Die Bereitstellung der Website stellt in keiner Weise eine \u00dcbertragung der Eigentumsrechte an der Website dar. Der Nutzer erh\u00e4lt lediglich das Recht zur kostenlosen, nicht-exklusiven und professionellen Nutzung der Website.<\/p>\r\n<p>In diesem Zusammenhang ist es dem Nutzer untersagt, die Website ganz oder teilweise mit beliebigen Mitteln und auf einem beliebigen bestehenden oder k\u00fcnftigen Mittel zu vervielf\u00e4ltigen, oder zu kopieren, die Website anzupassen oder in eine andere Sprache zu \u00fcbersetzen oder die Anwendung auf irgendeine Art und Weise nachzuahmen.<\/p>\r\n<p>Der gesamte Inhalt dieser Website und jedes einzelne Element f\u00fcr sich genommen (alle angegebenen Namen von Produkten oder Marken, Architektur, Texte, Fotos, Bilder, Illustrationen etc.) sind ausschlie\u00dfliches Eigentum von PFM oder deren technischer Dienstleistungsunternehmen und unterliegen der franz\u00f6sischen und internationalen Gesetzgebung in Hinblick auf das Urheber- und geistige Eigentumsrecht.<\/p>\r\n<p>PFM macht den Besucher darauf aufmerksam, dass auch Fotos oder Zeichen Rechte an geistigem Eigentum beinhalten k\u00f6nnen.<\/p>\r\n<p>Die Reproduktion der gesamten Website oder Teile derselben auf irgendeinem elektronischen Medium ist ohne ausdr\u00fcckliche Genehmigung des Verantwortlichen f\u00fcr den Inhalt der Website strengstens untersagt.<\/p>\r\n<p>Alle Nutzungsrechte sind vorbehalten, einschlie\u00dflich visueller, fotografischer, ikonografischer oder anderer Darstellungen. Gem\u00e4\u00df Artikel L.122-4 des franz\u00f6sischen Gesetzes \u00fcber geistiges Eigentum ist jede nicht ausdr\u00fccklich genehmigte Darstellung oder Vervielf\u00e4ltigung, ganz oder teilweise und mit beliebigen Mitteln, rechtswidrig und stellt eine Verletzung dar, die gem\u00e4\u00df Artikel L. 335-2 ff. des franz\u00f6sischen Gesetzes \u00fcber geistiges Eigentum geahndet wird.<\/p>\r\n<h5><strong>SONSTIGE BESTIMMUNGEN<\/strong><\/h5>\r\n<p>Sollte eine der Bestimmungen dieser allgemeinen Nutzungsbedingungen ihre G\u00fcltigkeit verlieren oder sollten die Bedingungen eine L\u00fccke enthalten, so wird die betreffende Bestimmung durch diejenige ersetzt, die der gesetzlichen Auslegung am n\u00e4chsten kommt.<\/p>\r\n<p>Wenn der Nutzer mit der gesamten Website oder Teilen davon unzufrieden ist oder mit diesen Allgemeinen Nutzungsbedingungen nicht einverstanden ist, besteht sein einziges Rechtsmittel darin, die Nutzung dieser Website einzustellen.<\/p>\r\n<p>Die Navigation auf oder allgemeine Nutzung der Website setzt zwangsl\u00e4ufig voraus, dass der Nutzer diese allgemeinen Nutzungsbedingungen kennt und sie vollst\u00e4ndig akzeptiert.<\/p>\r\n<p>Bei Fragen zu diesen Allgemeinen Nutzungsbedingungen oder bei Fragen oder Anmerkungen zur Website kann sich der Nutzer \u00fcber folgende Adresse an PFM wenden:<\/p>\r\n<h5><strong>GELTENDES RECHT UND GERICHTSSTAND<\/strong><\/h5>\r\n<p>Die vorliegenden allgemeinen Nutzungsbedingungen unterliegen franz\u00f6sischem Recht und werden nach diesem ausgelegt.<\/p>\r\n<p>Alle Streitigkeiten aus der Auslegung oder Durchf\u00fchrung der vorliegenden Endnutzer-Lizenzvereinbarung, die nicht g\u00fctlich beilegt werden k\u00f6nnen, werden den zust\u00e4ndigen Gerichten am Sitz des Beklagten vorgelegt.\u00a0<\/p>\r\n","protected":false},"excerpt":{"rendered":"<p>I \/ IMPRESSUM HERAUSGEBER PIERRE FABRE MEDICAMENT, vereinfachte Aktiengesellschaft mit einem Kapital von 57.080.969 Euro und Sitz in Les Cauquillous 81500 Lavaur, Frankreich. Eingetragen im Handels-<span class=\"excerpt-hellip\"> [\u2026]<\/span><\/p>\n","protected":false},"author":1,"featured_media":0,"parent":0,"menu_order":0,"comment_status":"closed","ping_status":"open","template":"","meta":[],"_links":{"self":[{"href":"https:\/\/expertslocatorihres.com\/index.php\/wp-json\/wp\/v2\/pages\/3"}],"collection":[{"href":"https:\/\/expertslocatorihres.com\/index.php\/wp-json\/wp\/v2\/pages"}],"about":[{"href":"https:\/\/expertslocatorihres.com\/index.php\/wp-json\/wp\/v2\/types\/page"}],"author":[{"embeddable":true,"href":"https:\/\/expertslocatorihres.com\/index.php\/wp-json\/wp\/v2\/users\/1"}],"replies":[{"embeddable":true,"href":"https:\/\/expertslocatorihres.com\/index.php\/wp-json\/wp\/v2\/comments?post=3"}],"version-history":[{"count":5,"href":"https:\/\/expertslocatorihres.com\/index.php\/wp-json\/wp\/v2\/pages\/3\/revisions"}],"predecessor-version":[{"id":2730,"href":"https:\/\/expertslocatorihres.com\/index.php\/wp-json\/wp\/v2\/pages\/3\/revisions\/2730"}],"wp:attachment":[{"href":"https:\/\/expertslocatorihres.com\/index.php\/wp-json\/wp\/v2\/media?parent=3"}],"curies":[{"name":"wp","href":"https:\/\/api.w.org\/{rel}","templated":true}]}}