{"id":110,"date":"2021-07-05T08:52:06","date_gmt":"2021-07-05T06:52:06","guid":{"rendered":"http:\/\/expertslocatorihres.com\/?page_id=110"},"modified":"2023-09-11T07:28:33","modified_gmt":"2023-09-11T05:28:33","slug":"mentions-legales","status":"publish","type":"page","link":"https:\/\/expertslocatorihres.com\/index.php\/mentions-legales\/?lang=fr","title":{"rendered":"Mentions l\u00e9gales"},"content":{"rendered":"<h4>I \/ MENTIONS LEGALES<\/h4>\n<h5>EDITEUR<\/h5>\n<p><strong>PIERRE FABRE MEDICAMENT<\/strong>, soci\u00e9t\u00e9 par actions simplifi\u00e9es dont le si\u00e8ge social est situ\u00e9 Les Cauquillous 81506 Lavaur \u2013 France, au capital de 57.080.969 Euros et immatricul\u00e9e au R.C.S. de Castres sous le num\u00e9ro B 326 118 502 (Ci-apr\u00e8s d\u00e9nomm\u00e9e \u00ab\u00a0PFM\u00a0\u00bb).<\/p>\n<h5>DIRECTEUR DE PUBLICATION<\/h5>\n<p><strong>PIERRE FABRE MEDICAMENT<\/strong><\/p>\n<p>Jean Jacques VOISARD, Directeur Franchise Pierre Fabre Medical Dermatology<\/p>\n<h5>DEVELOPPEUR<\/h5>\n<p>Pour contacter le d\u00e9veloppeur, cliquer ici : contact@terresdusud.fr<\/p>\n<h5>HEBERGEUR<\/h5>\n<p>CIS VALLEY, Soci\u00e9t\u00e9 Anonyme Simplifi\u00e9e, soci\u00e9t\u00e9 anonyme au capital de 2 500 000 \u20ac. Immatricul\u00e9e au registre des soci\u00e9t\u00e9s de Bordeaux sous le num\u00e9ro B 410 100 747. Si\u00e8ge social : Chemin de l&#8217;Hermite, BP 70081, 33523, Bruges, France.<\/p>\n<p>Adresse mail de contact : <a href=\"mailto:communication@cis-valley.fr\">communication@cis-valley.fr<\/a><\/p>\n<h5>CREDIT<\/h5>\n<p>Design, cr\u00e9ation : Terres du Sud \u2013 Photo : \u00a9 ISTOCK \u2013 TERRES DU SUD, 69 AV Des Pyrenees, 31830, Plaisance-du-touch, France. Num\u00e9ro de TVA intracommunautaire : FR 96 409 248 945. Immatricul\u00e9e au Registre du Commerce et des Soci\u00e9t\u00e9s de Toulouse sous le num\u00e9ro 409 248 945. N\u00b0 d\u2019identification d\u2019entreprise Siret : 409 248 945 00027. Propri\u00e9taire : B\u00e9rang\u00e8re Parent. T\u00e9l : 33 (0)5 62 13 56 30.<\/p>\n<p>Conception, Contenus \u00e9ditoriaux, photos\/vid\u00e9os\u202f: Pierre Fabre Medicament.<\/p>\n<p>&nbsp;<\/p>\n<h4><u>II &#8211; Conditions GENERALES d&#8217;utilisation<\/u><\/h4>\n<p>&nbsp;<\/p>\n<p>Les pr\u00e9sentes conditions g\u00e9n\u00e9rales d\u00e9terminent les conditions d&#8217;utilisation de la page internet http:\/\/expertslocatorihres.com (ci-apr\u00e8s d\u00e9nomm\u00e9 le \u00ab\u00a0<strong>Site\u00a0<\/strong>\u00bb) que vous (ci-apr\u00e8s d\u00e9nomm\u00e9 l\u2019\u00ab\u00a0<strong>Utilisateur<\/strong>\u00a0\u00bb) acceptez du seul fait de la consultation de ce site.<\/p>\n<p>Si l\u2019Utilisateur ne les accepte pas, PFM lui demande de quitter le Site.<\/p>\n<p>Si l\u2019Utilisateur est mineur, il s\u2019engage \u00e0 ne consulter le Site qu&#8217;en pr\u00e9sence de ses parents ou tuteurs qui auront pr\u00e9alablement accept\u00e9 les pr\u00e9sentes conditions.<\/p>\n<p>Les pr\u00e9sentes conditions g\u00e9n\u00e9rales peuvent \u00eatre modifi\u00e9es \u00e0 tout moment et sans pr\u00e9avis. Elles sont r\u00e9gies et interpr\u00e9t\u00e9es selon le droit fran\u00e7ais.<\/p>\n<p>Le page internet consultable \u00e0 l\u2019adresse <a href=\"http:\/\/expertslocatorihres.com\/?lang=fr\">http:\/\/expertslocatorihres.com<\/a> est propos\u00e9 sous certaines conditions, que l\u2019Utilisateur s\u2019engage \u00e0 conna\u00eetre et respecter.<\/p>\n<p>L\u2019utilisation et la consultation du Site est limit\u00e9e \u00e0 des fins professionnelles et non commerciales. D\u2019une fa\u00e7on g\u00e9n\u00e9rale, l\u2019Utilisateur s\u2019interdit d\u2019utiliser tout ou partie du Site \u00e0 des fins illicites (droits d\u2019auteur) ou contraires aux pr\u00e9sentes conditions d\u2019utilisation.<\/p>\n<p>En consultant le Site, l\u2019Utilisateur accepte d&#8217;en respecter les conditions d&#8217;utilisation telles que celles-ci sont affich\u00e9es \u00e0 la date de consultation du Site.<\/p>\n<p>&nbsp;<\/p>\n<h5><strong>OBJET DU SITE<\/strong><\/h5>\n<p>Le Site a \u00e9t\u00e9 cr\u00e9\u00e9 pour d\u00e9livrer de l\u2019information environnementale \u00e0 destination exclusivement des professionnels de sant\u00e9.<\/p>\n<p>Le Site ne saurait constituer une offre contractuelle. Le pr\u00e9sent Site diffuse des informations non contractuelles avec le souci de fournir des informations \u00e0 vis\u00e9e de localisation des structures m\u00e9dicales aptes \u00e0 prendre en charge des enfants atteints d\u2019un h\u00e9mangiome infantile.<\/p>\n<p>Dans la mesure o\u00f9 la mise \u00e0 jour du pr\u00e9sent Site est r\u00e9alis\u00e9e en tenant compte de l&#8217;ensemble des activit\u00e9s, il pourrait arriver que certaines informations nouvelles ou annonces ne soient plus valables au moment de leurs diffusions ou qu&#8217;elles soient tout simplement d\u00e9pass\u00e9es. PFM ne peut pas garantir, bien qu&#8217;elle fasse les efforts n\u00e9cessaires, la parfaite mise \u00e0 jour de toutes les informations ou nouvelles qui sont diffus\u00e9es sur le pr\u00e9sent Site.<\/p>\n<p>&nbsp;<\/p>\n<h5>INSCRIPTION ET DONNEES PERSONNELLES<\/h5>\n<p>Les donn\u00e9es personnelles collect\u00e9es seront utilis\u00e9es par PFM et ses soci\u00e9t\u00e9s affili\u00e9es agissant en qualit\u00e9 de responsable de traitement, dans le cadre des proc\u00e9dures auxquelles vous et PFM \u00eates partie. Le traitement de vos donn\u00e9es personnelles est n\u00e9cessaire au respect d\u2019une obligation l\u00e9gale \u00e0 laquelle PFM est soumis ou aux fins des int\u00e9r\u00eats l\u00e9gitimes de PFM \u00e0 l\u2019effet d\u2019assurer la d\u00e9fense de ses int\u00e9r\u00eats. Vos donn\u00e9es seront conserv\u00e9es pour une dur\u00e9e n\u2019exc\u00e9dant pas celle n\u00e9cessaire aux finalit\u00e9s pour lesquelles elles ont \u00e9t\u00e9 recueillies et trait\u00e9es. Vous disposez d&#8217;un droit d&#8217;acc\u00e8s, de rectification de vos donn\u00e9es personnelles et \u00e0 la limitation du traitement de vos donn\u00e9es personnelles. Vous pouvez exercer ces droits en vous adressant au D\u00e9l\u00e9gu\u00e9 \u00e0 la Protection des Donn\u00e9es <a href=\"mailto:dpofr@pierre-fabre.com\">dpofr@pierre-fabre.com<\/a><u>.<\/u> Vos droits d\u2019opposition, d\u2019effacement et de portabilit\u00e9 ne sont pas applicables.<\/p>\n<p>Vous avez le droit d\u2019introduire une r\u00e9clamation aupr\u00e8s de la Commission Nationale de l\u2019Informatique et des Libert\u00e9s (CNIL). Pour plus d\u2019informations, nous vous invitons \u00e0 consulter la Politique de confidentialit\u00e9 mondiale du Groupe PIERRE FABRE \u00e0 l\u2019adresse suivante\u00a0: <a href=\"https:\/\/www.pierre-fabre.com\/sites\/pierre-fabre.com\/files\/2019-03\/pierre_fabre_group_global_privacy_policy_fr.pdf\">https:\/\/www.pierre-fabre.com\/sites\/pierre-fabre.com\/files\/2019-03\/pierre_fabre_group_global_privacy_policy_fr.pdf <\/a><\/p>\n<p>Le Site peut \u00eatre amen\u00e9 \u00e0 divulguer des informations personnelles lorsqu\u2019elles sont n\u00e9cessaires \u00e0 l\u2019identification, \u00e0 l\u2019interpellation, ou \u00e0 la poursuite en justice de tout individu susceptible de porter pr\u00e9judice ou atteinte (intentionnellement ou non) aux droits ou \u00e0 la propri\u00e9t\u00e9 du Site, \u00e0 d\u2019autres utilisateurs du Site, ou \u00e0 toute autre personne risquant d\u2019\u00eatre p\u00e9nalis\u00e9e par de telles activit\u00e9s.<\/p>\n<h5><\/h5>\n<h5>UTILISATION DES CONSEILS DISPENSES SUR LE SITE<\/h5>\n<p>PFM ne saurait \u00eatre tenue responsable des cons\u00e9quences, directes ou indirectes et\/ou de tout dommage r\u00e9sultant de la d\u00e9fectuosit\u00e9 ou du piratage de l\u2019Application.<\/p>\n<p>PFM n&#8217;assume pas une obligation de r\u00e9sultat mais de moyen quant aux conseils qui seront d\u00e9livr\u00e9s \u00e0 l\u2019Utilisateur sur le Site.<\/p>\n<p>PFM ne donne aucune garantie explicite ou implicite et n&#8217;assume aucune responsabilit\u00e9 relative \u00e0 l&#8217;utilisation de ces conseils. Ceux-ci sont donn\u00e9s uniquement \u00e0 titre indicatif et sont laiss\u00e9s \u00e0 l\u2019appr\u00e9ciation du professionnel de sant\u00e9 et Utilisateur du Site.<\/p>\n<p>L\u2019Utilisateur reconna\u00eet et accepte que l\u2019utilisation\u00a0de ces informations s\u2019effectue sous sa seule et enti\u00e8re responsabilit\u00e9, contr\u00f4le et direction.<\/p>\n<p>Pour toute information compl\u00e9mentaire et\/ou doute, l\u2019Utilisateur peut contacter PFM \u00e0 l&#8217;adresse suivante :<\/p>\n<h5><\/h5>\n<h5>LES LIENS<\/h5>\n<p>La cr\u00e9ation de liens hypertextes vers le Site ne peut \u00eatre faite qu\u2019avec l\u2019autorisation \u00e9crite et pr\u00e9alable de PFM. Toute demande d\u2019autorisation doit \u00eatre adress\u00e9e \u00e0 l\u2019adresse de contact suivante xxxxxxxx Toute utilisation non autoris\u00e9e constitue une contrefa\u00e7on sanctionn\u00e9e p\u00e9nalement.<\/p>\n<h5><\/h5>\n<h5>GARANTIE<\/h5>\n<p>PFM s\u2019engage \u00e0 v\u00e9rifier que le contenu de son Site est conforme aux dispositions l\u00e9gales fran\u00e7aises en vigueur.<\/p>\n<p>PFM\u00a0s&#8217;engage notamment \u00e0 ne pas diffuser de donn\u00e9es en violation des droits de tiers, \u00e0 caract\u00e8re violent, pornographique ou diffamatoire et \u00e0 ne pas diffuser de contenus illicites, notamment \u00e0 caract\u00e8re raciste, x\u00e9nophobe, p\u00e9dophile ou autrement attentatoire \u00e0 la dignit\u00e9 humaine.<\/p>\n<p>PFM ne garantit pas l&#8217;exactitude et l&#8217;exhaustivit\u00e9 des informations contenues sur le Site.<\/p>\n<p>Le Site et les informations disponibles ne constituent pas une s\u00e9lection de professionnels de sant\u00e9 par PFM mais un outil d\u2019aide \u00e0 la localisation des services hospitaliers\/professionnels de sant\u00e9 se d\u00e9clarant sp\u00e9cialistes de la prise en charge de l&#8217;h\u00e9mangiome infantile. Le r\u00e9f\u00e9rencement sur cette liste est soumis \u00e0 accord pr\u00e9alable de chaque service hospitalier\/professionnel de sant\u00e9. PFM ne saurait \u00eatre tenu responsable de la non-exhaustivit\u00e9 de cette liste.<\/p>\n<p>Les documents que PFM diffuse en version \u00e9lectronique sur le Site font l&#8217;objet de nombreuses relectures ; ils peuvent toutefois contenir des erreurs. Si l\u2019Utilisateur en constate, il ne doit pas h\u00e9siter \u00e0 le faire savoir \u00e0 PFM gr\u00e2ce \u00e0 l\u2019adresse suivante : \u00a0; PFM proc\u00e8dera aux rectifications correspondantes dans le cas o\u00f9 elles seraient fond\u00e9es et justifi\u00e9es.<\/p>\n<p>Les textes diffus\u00e9s peuvent, par ailleurs, avoir fait, entre le moment o\u00f9 l\u2019Utilisateur les a visualis\u00e9s et celui o\u00f9 il en a pris connaissance, l&#8217;objet de mises \u00e0 jour. PFM ne garantit en aucune mani\u00e8re que ces informations sont exactes, compl\u00e8tes et \u00e0 jour.<\/p>\n<h5><\/h5>\n<h5>RESPONSABILITE<\/h5>\n<p>Alors m\u00eame que PFM a effectu\u00e9 les d\u00e9marches n\u00e9cessaires pour s\u2019assurer de la fiabilit\u00e9 des informations et services contenus sur le Site, il ne saurait \u00eatre tenu pour responsable d\u2019erreurs, d\u2019omissions, de virus ou des r\u00e9sultats qui pourraient \u00eatre obtenus par un mauvais usage de ceux-ci.<\/p>\n<p>De m\u00eame, PFM ne saurait \u00eatre tenue responsable des cons\u00e9quences directes ou indirectes et\/ou de tout dommage r\u00e9sultant de d\u00e9fectuosit\u00e9 ou de piratage du Site.<\/p>\n<p>PFM n\u2019est en effet tenu que d\u2019une simple obligation de moyen.<\/p>\n<p>PFM, ses dirigeants ou salari\u00e9s ne sauraient \u00eatre tenus responsables :<\/p>\n<ul>\n<li>pour quelque dommage que ce soit provenant d&#8217;une\u00a0connexion, d\u2019un acc\u00e8s ou d\u2019une utilisation du pr\u00e9sent Site\u00a0;<\/li>\n<li>des dommages r\u00e9sultant directement ou indirectement de la consultation de ce Site ou de l&#8217;utilisation des informations disponibles sur celui-ci\u00a0;<\/li>\n<li>des dommages directs ou indirects r\u00e9sultant de l&#8217;usage de ce Site, et notamment de toute perte d&#8217;exploitation, financi\u00e8re ou commerciale ou perte de programmes ou de donn\u00e9es dans tout syst\u00e8me d&#8217;information et ce m\u00eame si PFM a \u00e9t\u00e9 inform\u00e9 de l&#8217;\u00e9ventualit\u00e9 de tels dommages.<\/li>\n<\/ul>\n<p>Plus g\u00e9n\u00e9ralement, PFM n&#8217;assure aucune garantie, expresse ou tacite, concernant tout ou partie du Site.<\/p>\n<p>L\u2019Utilisateur s&#8217;engage \u00e0 ne pas soit volontairement, soit involontairement introduire de virus ou de fichier de quelque nature que ce soit perturbant le fonctionnement du Site\u00a0; dans un tel cas ils en assumeraient seuls l\u2019enti\u00e8re responsabilit\u00e9.<\/p>\n<p>Dans l&#8217;esprit du respect de tous, PFM pourra poursuivre l\u2019Utilisateur ind\u00e9licat en justice.<\/p>\n<p>L\u2019Utilisateur d\u00e9clare et garantit qu\u2019il conna\u00eet parfaitement les caract\u00e9ristiques et les contraintes de l\u2019Internet, et notamment que les transmissions de donn\u00e9es et d\u2019informations sur l\u2019Internet ne b\u00e9n\u00e9ficient que d\u2019une fiabilit\u00e9 technique relative, celles-ci circulant sur des r\u00e9seaux h\u00e9t\u00e9rog\u00e8nes aux caract\u00e9ristiques et capacit\u00e9s techniques diverses, qui perturbent l\u2019acc\u00e8s ou le rendent impossible \u00e0 certaines p\u00e9riodes.<\/p>\n<p>PFM s\u2019efforce de maintenir accessible ses pages 7 jours sur 7 et 24 heures sur 24, mais n\u2019est tenue \u00e0 aucune obligation d\u2019y parvenir. Il peut donc en interrompre l\u2019acc\u00e8s, notamment pour des raisons de maintenance et de mise \u00e0 niveau. PFM se r\u00e9serve aussi la possibilit\u00e9 \u00e0 tout moment, et cela sans pr\u00e9avis, de modifier, suspendre ou m\u00eame d&#8217;interrompre la diffusion de tout ou partie du Site, et en particulier des liens vers d&#8217;autres sites. PFM n\u2019est en aucun cas responsable de l\u2019int\u00e9gralit\u00e9 de ces interruptions et des cons\u00e9quences qui peuvent en d\u00e9couler pour l\u2019Utilisateur ou tout tiers.<\/p>\n<p>En aucun cas le Site ne saura \u00eatre tenu pour responsable d\u2019une perte de donn\u00e9es ou d\u2019une d\u00e9t\u00e9rioration li\u00e9e \u00e0 ces donn\u00e9es. Toute information ou conseil fourni par le Site ne saurait \u00eatre interpr\u00e9t\u00e9 comme une quelconque garantie.<\/p>\n<p>&nbsp;<\/p>\n<h5>SECURITE<\/h5>\n<p>Internet \u00e9tant un r\u00e9seau ouvert, PFM ne peut garantir que ces donn\u00e9es ne seront pas d\u00e9tourn\u00e9es par des tiers. PFM ne ma\u00eetrise pas les risques li\u00e9s au fonctionnement d\u2019Internet et attire l\u2019attention de l\u2019Utilisateur sur l\u2019existence d\u2019\u00e9ventuels risques en termes de pertes ponctuelles de donn\u00e9es ou d\u2019atteinte \u00e0 la confidentialit\u00e9 des donn\u00e9es transitant via ce r\u00e9seau.<\/p>\n<p>&nbsp;<\/p>\n<h5><strong>DROITS DE PROPRIETE INTELECTUELLE<\/strong><\/h5>\n<p>La mise \u00e0 disposition du Site n\u2019entra\u00eene le transfert d\u2019aucun droit de propri\u00e9t\u00e9 attach\u00e9e au Site. Il est uniquement conc\u00e9d\u00e9 \u00e0 l\u2019Utilisateur une licence gratuite d\u2019utilisation du Site, de mani\u00e8re non exclusive et pour son usage professionel.<\/p>\n<p>A ce titre, il est interdit de copier ou de reproduire en tout ou partie du Site par n\u2019importe quel moyen et sur n\u2019importe quel support existant ou \u00e0 venir, d\u2019adapter, de traduire le Site dans tout autre langage ou langue ou encore, de repr\u00e9senter l\u2019application par quelque proc\u00e9d\u00e9 que ce soit.<\/p>\n<p>L&#8217;ensemble du contenu du Site et chacun de ses \u00e9l\u00e9ments pris s\u00e9par\u00e9ment (tous les noms de produits ou marques mentionn\u00e9s, architecture, textes, photos, images, films, illustrations&#8230;) est la propri\u00e9t\u00e9 exclusive de PFM ou d\u2019un de ses partenaires ou de ses prestataires techniques et rel\u00e8ve de la l\u00e9gislation fran\u00e7aise et internationale sur le droit d\u2019auteur et plus largement de la propri\u00e9t\u00e9 intellectuelle.<\/p>\n<p>PFM attire l\u2019attention de l\u2019Utilisateur sur le fait que des photos ou des signes particuliers peuvent \u00e9galement constituer des droits de propri\u00e9t\u00e9 intellectuelle.<\/p>\n<p>La reproduction de tout ou partie du Site sur un support \u00e9lectronique, quel qu&#8217;il soit, est formellement interdite sauf autorisation expresse du Directeur de la Publication du Site.<\/p>\n<p>Tous les droits d&#8217;utilisation sont r\u00e9serv\u00e9s, y compris les repr\u00e9sentations visuelles, photographiques, iconographies ou autres. Conform\u00e9ment \u00e0 l&#8217;article L.122-4 du code de la propri\u00e9t\u00e9 intellectuelle, toute repr\u00e9sentation ou reproduction non express\u00e9ment autoris\u00e9e, int\u00e9grale ou partielle et par quelque proc\u00e9d\u00e9 que ce soit serait illicite et constituerait une contrefa\u00e7on sanctionn\u00e9e par les articles L. 335-2 et suivants du code de la propri\u00e9t\u00e9 intellectuelle.<\/p>\n<p>&nbsp;<\/p>\n<h5><strong>DISPOSITIONS DIVERSES<\/strong><\/h5>\n<p>Dans la mesure o\u00f9 une disposition des pr\u00e9sentes Conditions G\u00e9n\u00e9rales d\u2019Utilisation viendrait \u00e0 perdre sa validit\u00e9 ou si ces derni\u00e8res devaient contenir une lacune, la disposition en question serait remplac\u00e9e par celle qui s\u2019en rapprocherait le plus du point de vue de l\u2019interpr\u00e9tation juridique.<\/p>\n<p>Si l\u2019Utilisateur n\u2019est pas satisfait de tout ou partie du Site ou si l\u2019Utilisateur est en d\u00e9saccord avec les pr\u00e9sentes Conditions G\u00e9n\u00e9rales d\u2019Utilisation, son seul recours consiste \u00e0 cesser d\u2019utiliser le Site.<\/p>\n<p>La navigation sur le Site ou l\u2019utilisation g\u00e9n\u00e9rale du Site implique obligatoirement que l\u2019Utilisateur ait connaissance des pr\u00e9sentes Conditions G\u00e9n\u00e9rales d\u2019Utilisation et, de sa pleine et enti\u00e8re acceptation de ces derni\u00e8res.<\/p>\n<p>Pour toute question concernant les pr\u00e9sentes Conditions G\u00e9n\u00e9rales d\u2019Utilisation ou question ou remarque sur le Site, l\u2019Utilisateur peut contacter PFM gr\u00e2ce \u00e0 l\u2019adresse suivante :<\/p>\n<p>&nbsp;<\/p>\n<h5><strong>DROITS APPLICABLES ET TRIBUNAUX COMPETENTS<\/strong><\/h5>\n<p>Les pr\u00e9sentes Conditions G\u00e9n\u00e9rales d\u2019Utilisation sont r\u00e9gies et interpr\u00e9t\u00e9es selon le droit fran\u00e7ais.<\/p>\n<p>Tout litige qui pourrait na\u00eetre de l&#8217;interpr\u00e9tation ou de l&#8217;ex\u00e9cution du pr\u00e9sent contrat de licence utilisateur final et qui ne pourrait \u00eatre r\u00e9solu \u00e0 l&#8217;amiable sera soumis aux Tribunaux comp\u00e9tents du lieu o\u00f9 demeure le d\u00e9fendeur.<\/p>\n<p>&nbsp;<\/p>\n<p>&nbsp;<\/p>\n<p>&nbsp;<\/p>\n<p>&nbsp;<\/p>\n<p>&nbsp;<\/p>\n<p>&nbsp;<\/p>\n<p>&nbsp;<\/p>\n<p>&nbsp;<\/p>\n<p>&nbsp;<\/p>\n<p>&nbsp;<\/p>\n<p>&nbsp;<\/p>\n<p>&nbsp;<\/p>\n<p>&nbsp;<\/p>\n","protected":false},"excerpt":{"rendered":"<p>I \/ MENTIONS LEGALES EDITEUR PIERRE FABRE MEDICAMENT, soci\u00e9t\u00e9 par actions simplifi\u00e9es dont le si\u00e8ge social est situ\u00e9 Les Cauquillous 81506 Lavaur \u2013 France, au capital<span class=\"excerpt-hellip\"> [\u2026]<\/span><\/p>\n","protected":false},"author":1,"featured_media":0,"parent":0,"menu_order":0,"comment_status":"closed","ping_status":"open","template":"","meta":[],"_links":{"self":[{"href":"https:\/\/expertslocatorihres.com\/index.php\/wp-json\/wp\/v2\/pages\/110"}],"collection":[{"href":"https:\/\/expertslocatorihres.com\/index.php\/wp-json\/wp\/v2\/pages"}],"about":[{"href":"https:\/\/expertslocatorihres.com\/index.php\/wp-json\/wp\/v2\/types\/page"}],"author":[{"embeddable":true,"href":"https:\/\/expertslocatorihres.com\/index.php\/wp-json\/wp\/v2\/users\/1"}],"replies":[{"embeddable":true,"href":"https:\/\/expertslocatorihres.com\/index.php\/wp-json\/wp\/v2\/comments?post=110"}],"version-history":[{"count":6,"href":"https:\/\/expertslocatorihres.com\/index.php\/wp-json\/wp\/v2\/pages\/110\/revisions"}],"predecessor-version":[{"id":2725,"href":"https:\/\/expertslocatorihres.com\/index.php\/wp-json\/wp\/v2\/pages\/110\/revisions\/2725"}],"wp:attachment":[{"href":"https:\/\/expertslocatorihres.com\/index.php\/wp-json\/wp\/v2\/media?parent=110"}],"curies":[{"name":"wp","href":"https:\/\/api.w.org\/{rel}","templated":true}]}}